{"id":4843,"date":"2018-11-05T20:31:25","date_gmt":"2018-11-05T19:31:25","guid":{"rendered":"http:\/\/www.wald4ler.at\/home\/?page_id=4843"},"modified":"2024-11-03T23:08:28","modified_gmt":"2024-11-03T22:08:28","slug":"mittagsmenue","status":"publish","type":"page","link":"https:\/\/www.wald4ler.at\/home\/mittagsmenue\/","title":{"rendered":"Mittagsmen\u00fc"},"content":{"rendered":"<a href='https:\/\/www.wald4ler.at\/home\/produkte\/huehnerkeule-auf-jaegerart-mit-basmatireis\/' class='nofrills' style='color:white;'><div class='wv-mm-wrapper' style='background-image:url(https:\/\/www.wald4ler.at\/home\/wp-content\/uploads\/2015\/12\/WVR-aussen4-1-300x229.jpg);'><div class='wv-mm-wrapper-ov'><\/div><div class='wv-mm-date'>Montag 11.05.2026<\/div><div class='wv-mm-offer'><b>M1 H\u00fchnerkeule auf J\u00e4gerart mit Basmatireis<\/b> <\/div><div class='wv-mm-price'><\/div><\/div><\/a><a href='https:\/\/www.wald4ler.at\/home\/produkte\/m2-baerlauchnockerl-mit-gruenem-salat\/' class='nofrills' style='color:white;'><div class='wv-mm-wrapper' style='background-image:url(https:\/\/www.wald4ler.at\/home\/wp-content\/uploads\/2015\/12\/WVR-aussen4-1-300x229.jpg);'><div class='wv-mm-wrapper-ov'><\/div><div class='wv-mm-date'>Montag 11.05.2026<\/div><div class='wv-mm-offer'><b>M2 B\u00e4rlauchnockerl mit gr\u00fcnem Salat<\/b> <\/div><div class='wv-mm-price'><\/div><\/div><\/a><a href='https:\/\/www.wald4ler.at\/home\/produkte\/gebackenes-gemuese-zucchini-champignons-melanzani-mit-sauce-tartare\/' class='nofrills' style='color:white;'><div class='wv-mm-wrapper' style='background-image:url(https:\/\/www.wald4ler.at\/home\/wp-content\/uploads\/2015\/12\/WVR-aussen4-1-300x229.jpg);'><div class='wv-mm-wrapper-ov'><\/div><div class='wv-mm-date'>Dienstag 12.05.2026<\/div><div class='wv-mm-offer'><b>M2 Gebackenes Gem\u00fcse (Zucchini, Champignons, Melanzani) mit Sauce Tartare<\/b> <\/div><div class='wv-mm-price'><\/div><\/div><\/a><a href='https:\/\/www.wald4ler.at\/home\/produkte\/schweinskotlette-gegrillt-mit-kraeuterbutter-schmorgemuese-und-roesti\/' class='nofrills' style='color:white;'><div class='wv-mm-wrapper' style='background-image:url(https:\/\/www.wald4ler.at\/home\/wp-content\/uploads\/2015\/12\/WVR-aussen4-1-300x229.jpg);'><div class='wv-mm-wrapper-ov'><\/div><div class='wv-mm-date'>Dienstag 12.05.2026<\/div><div class='wv-mm-offer'><b>M1 Schweinskotlette gegrillt mit Kr\u00e4uterbutter, Schmorgem\u00fcse und R\u00f6sti<\/b> <\/div><div class='wv-mm-price'><\/div><\/div><\/a><a href='https:\/\/www.wald4ler.at\/home\/produkte\/fleischpalatschinken-mit-bechamelsauce-und-kaese-ueberbacken-dazu-gruener-salat\/' class='nofrills' style='color:white;'><div class='wv-mm-wrapper' style='background-image:url(https:\/\/www.wald4ler.at\/home\/wp-content\/uploads\/2015\/12\/WVR-aussen4-1-300x229.jpg);'><div class='wv-mm-wrapper-ov'><\/div><div class='wv-mm-date'>Mittwoch 13.05.2026<\/div><div class='wv-mm-offer'><b>M1 Fleischpalatschinken mit Bechamelsauce und K\u00e4se \u00fcberbacken, dazu gr\u00fcner Salat<\/b> <\/div><div class='wv-mm-price'><\/div><\/div><\/a><a href='https:\/\/www.wald4ler.at\/home\/produkte\/gnocchi-mit-spargelragout-und-parmesan\/' class='nofrills' style='color:white;'><div class='wv-mm-wrapper' style='background-image:url(https:\/\/www.wald4ler.at\/home\/wp-content\/uploads\/2015\/12\/WVR-aussen4-1-300x229.jpg);'><div class='wv-mm-wrapper-ov'><\/div><div class='wv-mm-date'>Mittwoch 13.05.2026<\/div><div class='wv-mm-offer'><b>M2 Gnocchi mit Spargelragout und Parmesan<\/b> <\/div><div class='wv-mm-price'><\/div><\/div><\/a><a href='https:\/\/www.wald4ler.at\/home\/produkte\/feiertag\/' class='nofrills' style='color:white;'><div class='wv-mm-wrapper' style='background-image:url(https:\/\/www.wald4ler.at\/home\/wp-content\/uploads\/2015\/12\/WVR-aussen4-1-300x229.jpg);'><div class='wv-mm-wrapper-ov'><\/div><div class='wv-mm-date'>Donnerstag 14.05.2026<\/div><div class='wv-mm-offer'><b>Feiertag<\/b> <\/div><div class='wv-mm-price'><\/div><\/div><\/a><a href='https:\/\/www.wald4ler.at\/home\/produkte\/gebackene-scholle-mit-erdaepfelsalat-3\/' class='nofrills' style='color:white;'><div class='wv-mm-wrapper' style='background-image:url(https:\/\/www.wald4ler.at\/home\/wp-content\/uploads\/2015\/12\/WVR-aussen4-1-300x229.jpg);'><div class='wv-mm-wrapper-ov'><\/div><div class='wv-mm-date'>Freitag 15.05.2026<\/div><div class='wv-mm-offer'><b>Gebackene Scholle mit Erd\u00e4pfelsalat<\/b> <\/div><div class='wv-mm-price'><\/div><\/div><\/a>\n\n\n<p><\/p>\n","protected":false},"excerpt":{"rendered":"","protected":false},"author":2,"featured_media":0,"parent":0,"menu_order":0,"comment_status":"closed","ping_status":"closed","template":"","meta":{"footnotes":""},"class_list":["post-4843","page","type-page","status-publish","hentry"],"acf":[],"_links":{"self":[{"href":"https:\/\/www.wald4ler.at\/home\/wp-json\/wp\/v2\/pages\/4843"}],"collection":[{"href":"https:\/\/www.wald4ler.at\/home\/wp-json\/wp\/v2\/pages"}],"about":[{"href":"https:\/\/www.wald4ler.at\/home\/wp-json\/wp\/v2\/types\/page"}],"author":[{"embeddable":true,"href":"https:\/\/www.wald4ler.at\/home\/wp-json\/wp\/v2\/users\/2"}],"replies":[{"embeddable":true,"href":"https:\/\/www.wald4ler.at\/home\/wp-json\/wp\/v2\/comments?post=4843"}],"version-history":[{"count":8,"href":"https:\/\/www.wald4ler.at\/home\/wp-json\/wp\/v2\/pages\/4843\/revisions"}],"predecessor-version":[{"id":10629,"href":"https:\/\/www.wald4ler.at\/home\/wp-json\/wp\/v2\/pages\/4843\/revisions\/10629"}],"wp:attachment":[{"href":"https:\/\/www.wald4ler.at\/home\/wp-json\/wp\/v2\/media?parent=4843"}],"curies":[{"name":"wp","href":"https:\/\/api.w.org\/{rel}","templated":true}]}}